{"id":4741,"date":"2023-09-03T14:34:21","date_gmt":"2023-09-03T12:34:21","guid":{"rendered":"https:\/\/idolos-store.com\/?post_type=product&#038;p=4741"},"modified":"2023-11-10T13:11:00","modified_gmt":"2023-11-10T12:11:00","slug":"chaqueta-chandal-nino-20-21-2","status":"publish","type":"product","link":"https:\/\/idolos-store.com\/?product=chaqueta-chandal-nino-20-21-2","title":{"rendered":"Chaqueta Ch\u00e1ndal ni\u00f1o 20-21"},"content":{"rendered":"<p>Chaqueta Ch\u00e1ndal Valencia C.F. ni\u00f1o 20-21. Puma<\/p>\n","protected":false},"excerpt":{"rendered":"<p>Chaqueta Ch\u00e1ndal Valencia C.F. ni\u00f1o 20-21. Puma<\/p>\n","protected":false},"featured_media":4747,"comment_status":"open","ping_status":"closed","template":"","meta":{"site-sidebar-layout":"default","site-content-layout":"","ast-site-content-layout":"default","site-content-style":"default","site-sidebar-style":"default","ast-global-header-display":"","ast-banner-title-visibility":"","ast-main-header-display":"","ast-hfb-above-header-display":"","ast-hfb-below-header-display":"","ast-hfb-mobile-header-display":"","site-post-title":"","ast-breadcrumbs-content":"","ast-featured-img":"","footer-sml-layout":"","theme-transparent-header-meta":"default","adv-header-id-meta":"","stick-header-meta":"","header-above-stick-meta":"","header-main-stick-meta":"","header-below-stick-meta":"","astra-migrate-meta-layouts":"set","ast-page-background-enabled":"default","ast-page-background-meta":{"desktop":{"background-color":"var(--ast-global-color-4)","background-image":"","background-repeat":"repeat","background-position":"center center","background-size":"auto","background-attachment":"scroll","background-type":"","background-media":"","overlay-type":"","overlay-color":"","overlay-gradient":""},"tablet":{"background-color":"","background-image":"","background-repeat":"repeat","background-position":"center center","background-size":"auto","background-attachment":"scroll","background-type":"","background-media":"","overlay-type":"","overlay-color":"","overlay-gradient":""},"mobile":{"background-color":"","background-image":"","background-repeat":"repeat","background-position":"center center","background-size":"auto","background-attachment":"scroll","background-type":"","background-media":"","overlay-type":"","overlay-color":"","overlay-gradient":""}},"ast-content-background-meta":{"desktop":{"background-color":"var(--ast-global-color-5)","background-image":"","background-repeat":"repeat","background-position":"center center","background-size":"auto","background-attachment":"scroll","background-type":"","background-media":"","overlay-type":"","overlay-color":"","overlay-gradient":""},"tablet":{"background-color":"var(--ast-global-color-5)","background-image":"","background-repeat":"repeat","background-position":"center center","background-size":"auto","background-attachment":"scroll","background-type":"","background-media":"","overlay-type":"","overlay-color":"","overlay-gradient":""},"mobile":{"background-color":"var(--ast-global-color-5)","background-image":"","background-repeat":"repeat","background-position":"center center","background-size":"auto","background-attachment":"scroll","background-type":"","background-media":"","overlay-type":"","overlay-color":"","overlay-gradient":""}},"_joinchat":[]},"product_cat":[76,15,39],"product_tag":[],"class_list":{"0":"post-4741","1":"product","2":"type-product","3":"status-publish","4":"has-post-thumbnail","6":"product_cat-laliga","7":"product_cat-valenciacf","8":"product_cat-equipaciones","9":"desktop-align-center","10":"tablet-align-left","11":"mobile-align-left","12":"ast-product-gallery-layout-first-image-large","13":"ast-product-gallery-with-no-image","14":"ast-product-single-variable","15":"ast-product-tabs-layout-accordion","16":"ast-qv-on-image","18":"first","19":"instock","20":"sale","21":"taxable","22":"shipping-taxable","23":"purchasable","24":"product-type-variable"},"jetpack_sharing_enabled":true,"_links":{"self":[{"href":"https:\/\/idolos-store.com\/index.php?rest_route=\/wp\/v2\/product\/4741","targetHints":{"allow":["GET"]}}],"collection":[{"href":"https:\/\/idolos-store.com\/index.php?rest_route=\/wp\/v2\/product"}],"about":[{"href":"https:\/\/idolos-store.com\/index.php?rest_route=\/wp\/v2\/types\/product"}],"replies":[{"embeddable":true,"href":"https:\/\/idolos-store.com\/index.php?rest_route=%2Fwp%2Fv2%2Fcomments&post=4741"}],"version-history":[{"count":1,"href":"https:\/\/idolos-store.com\/index.php?rest_route=\/wp\/v2\/product\/4741\/revisions"}],"predecessor-version":[{"id":4748,"href":"https:\/\/idolos-store.com\/index.php?rest_route=\/wp\/v2\/product\/4741\/revisions\/4748"}],"wp:featuredmedia":[{"embeddable":true,"href":"https:\/\/idolos-store.com\/index.php?rest_route=\/wp\/v2\/media\/4747"}],"wp:attachment":[{"href":"https:\/\/idolos-store.com\/index.php?rest_route=%2Fwp%2Fv2%2Fmedia&parent=4741"}],"wp:term":[{"taxonomy":"product_cat","embeddable":true,"href":"https:\/\/idolos-store.com\/index.php?rest_route=%2Fwp%2Fv2%2Fproduct_cat&post=4741"},{"taxonomy":"product_tag","embeddable":true,"href":"https:\/\/idolos-store.com\/index.php?rest_route=%2Fwp%2Fv2%2Fproduct_tag&post=4741"}],"curies":[{"name":"wp","href":"https:\/\/api.w.org\/{rel}","templated":true}]}}